{"id":513,"date":"2022-07-07T14:32:38","date_gmt":"2022-07-07T12:32:38","guid":{"rendered":"https:\/\/tenax-sa.ch\/praesentation\/"},"modified":"2022-09-09T16:30:52","modified_gmt":"2022-09-09T14:30:52","slug":"praesentation","status":"publish","type":"page","link":"https:\/\/tenax-sa.ch\/de\/praesentation\/","title":{"rendered":"Pr\u00e4sentation"},"content":{"rendered":"\t\t<div data-elementor-type=\"wp-page\" data-elementor-id=\"513\" class=\"elementor elementor-513 elementor-77\" data-elementor-post-type=\"page\">\n\t\t\t\t\t\t<section class=\"elementor-section elementor-top-section elementor-element elementor-element-d77c670 page-header elementor-section-boxed elementor-section-height-default elementor-section-height-default\" data-id=\"d77c670\" data-element_type=\"section\" data-e-type=\"section\" data-settings=\"{&quot;jet_parallax_layout_list&quot;:[],&quot;background_background&quot;:&quot;classic&quot;}\">\n\t\t\t\t\t\t<div class=\"elementor-container elementor-column-gap-default\">\n\t\t\t\t\t<div class=\"elementor-column elementor-col-50 elementor-top-column elementor-element elementor-element-29e3c46\" data-id=\"29e3c46\" data-element_type=\"column\" data-e-type=\"column\">\n\t\t\t<div class=\"elementor-widget-wrap elementor-element-populated\">\n\t\t\t\t\t\t<div class=\"elementor-element elementor-element-2e17caa animated-fast elementor-invisible elementor-widget elementor-widget-heading\" data-id=\"2e17caa\" data-element_type=\"widget\" data-e-type=\"widget\" data-settings=\"{&quot;_animation&quot;:&quot;fadeInLeft&quot;}\" data-widget_type=\"heading.default\">\n\t\t\t\t<div class=\"elementor-widget-container\">\n\t\t\t\t\t<h1 class=\"elementor-heading-title elementor-size-default\">Kleine Abmessungen und hohe Pr\u00e4zision<\/h1>\t\t\t\t<\/div>\n\t\t\t\t<\/div>\n\t\t\t\t<div class=\"elementor-element elementor-element-8a8c08d animated-fast elementor-invisible elementor-widget elementor-widget-text-editor\" data-id=\"8a8c08d\" data-element_type=\"widget\" data-e-type=\"widget\" data-settings=\"{&quot;_animation&quot;:&quot;fadeInLeft&quot;}\" data-widget_type=\"text-editor.default\">\n\t\t\t\t<div class=\"elementor-widget-container\">\n\t\t\t\t\t\t\t\t\t<div class=\"et_pb_column et_pb_column_1_3 et_pb_column_0 et_pb_css_mix_blend_mode_passthrough\"><div class=\"et_pb_module et_pb_text et_pb_text_1 et_pb_text_align_left et_pb_bg_layout_light\"><div class=\"et_pb_text_inner\"><p>Wir sind spezialisiert auf die Herstellung von Kleinteilen in kleinen oder mittleren St\u00fcckzahlen.<\/p><\/div><\/div><\/div>\t\t\t\t\t\t\t\t<\/div>\n\t\t\t\t<\/div>\n\t\t\t\t\t<\/div>\n\t\t<\/div>\n\t\t\t\t<div class=\"elementor-column elementor-col-50 elementor-top-column elementor-element elementor-element-42b1fc0\" data-id=\"42b1fc0\" data-element_type=\"column\" data-e-type=\"column\">\n\t\t\t<div class=\"elementor-widget-wrap elementor-element-populated\">\n\t\t\t\t\t\t<div class=\"elementor-element elementor-element-a406bcd elementor-hidden-desktop elementor-widget elementor-widget-image\" data-id=\"a406bcd\" data-element_type=\"widget\" data-e-type=\"widget\" data-widget_type=\"image.default\">\n\t\t\t\t<div class=\"elementor-widget-container\">\n\t\t\t\t\t\t\t\t\t\t\t\t\t\t\t<img fetchpriority=\"high\" decoding=\"async\" width=\"800\" height=\"496\" src=\"https:\/\/tenax-sa.ch\/wp-content\/uploads\/2022\/09\/presentation-1024x635.jpg\" class=\"attachment-large size-large wp-image-409\" alt=\"Tenax SA - Pr\u00e9sentation\" srcset=\"https:\/\/tenax-sa.ch\/wp-content\/uploads\/2022\/09\/presentation-1024x635.jpg 1024w, https:\/\/tenax-sa.ch\/wp-content\/uploads\/2022\/09\/presentation-300x186.jpg 300w, https:\/\/tenax-sa.ch\/wp-content\/uploads\/2022\/09\/presentation-768x477.jpg 768w, https:\/\/tenax-sa.ch\/wp-content\/uploads\/2022\/09\/presentation-1536x953.jpg 1536w, https:\/\/tenax-sa.ch\/wp-content\/uploads\/2022\/09\/presentation.jpg 1800w\" sizes=\"(max-width: 800px) 100vw, 800px\" \/>\t\t\t\t\t\t\t\t\t\t\t\t\t\t\t<\/div>\n\t\t\t\t<\/div>\n\t\t\t\t\t<\/div>\n\t\t<\/div>\n\t\t\t\t\t<\/div>\n\t\t<\/section>\n\t\t\t\t<section class=\"elementor-section elementor-top-section elementor-element elementor-element-4170a70 elementor-section-boxed elementor-section-height-default elementor-section-height-default\" data-id=\"4170a70\" data-element_type=\"section\" data-e-type=\"section\" data-settings=\"{&quot;jet_parallax_layout_list&quot;:[]}\">\n\t\t\t\t\t\t<div class=\"elementor-container elementor-column-gap-default\">\n\t\t\t\t\t<div class=\"elementor-column elementor-col-50 elementor-top-column elementor-element elementor-element-975f572 animated-fast elementor-invisible\" data-id=\"975f572\" data-element_type=\"column\" data-e-type=\"column\" data-settings=\"{&quot;animation&quot;:&quot;fadeInUp&quot;}\">\n\t\t\t<div class=\"elementor-widget-wrap elementor-element-populated\">\n\t\t\t\t\t\t<div class=\"elementor-element elementor-element-882163f elementor-widget elementor-widget-heading\" data-id=\"882163f\" data-element_type=\"widget\" data-e-type=\"widget\" data-widget_type=\"heading.default\">\n\t\t\t\t<div class=\"elementor-widget-container\">\n\t\t\t\t\t<h2 class=\"elementor-heading-title elementor-size-default\">Unsere Spezialisierungen<\/h2>\t\t\t\t<\/div>\n\t\t\t\t<\/div>\n\t\t\t\t<div class=\"elementor-element elementor-element-52f94b8 elementor-widget elementor-widget-text-editor\" data-id=\"52f94b8\" data-element_type=\"widget\" data-e-type=\"widget\" data-widget_type=\"text-editor.default\">\n\t\t\t\t<div class=\"elementor-widget-container\">\n\t\t\t\t\t\t\t\t\t<p>Tenax SA befasst sich mit der sorgf\u00e4ltigen Herstellung von Prototypen, Wekzeugen, Vorrichtungen und Kontrolleheren sowie der Ausf\u00fchrung heikler Bearbeitungen. Weiterhin \u00fcbernehmen wir Fr\u00e4s- und Dreharbeiten in kleinen bis mittelgrossen Serien.<\/p><p>Mit den auf Werkstattebene durchgef\u00fchrten Arbeiten deckt das Unternehmen die gesamte Palette der einschl\u00e4gigen Fachleistungen ab und sichert somit den Bestand an hochstehenden Berufskenntnissen. Diese Vielfalt von oft sehr komplexen Arbeiten ist eine bedeutende Quelle des Interessens, der Motivierung und der Zufriedenheit.<\/p><p> <\/p>\t\t\t\t\t\t\t\t<\/div>\n\t\t\t\t<\/div>\n\t\t\t\t\t<\/div>\n\t\t<\/div>\n\t\t\t\t<div class=\"elementor-column elementor-col-50 elementor-top-column elementor-element elementor-element-2e9faee animated-fast elementor-invisible\" data-id=\"2e9faee\" data-element_type=\"column\" data-e-type=\"column\" data-settings=\"{&quot;animation&quot;:&quot;fadeInUp&quot;}\">\n\t\t\t<div class=\"elementor-widget-wrap elementor-element-populated\">\n\t\t\t\t\t\t<div class=\"elementor-element elementor-element-f541448 elementor-widget elementor-widget-text-editor\" data-id=\"f541448\" data-element_type=\"widget\" data-e-type=\"widget\" data-widget_type=\"text-editor.default\">\n\t\t\t\t<div class=\"elementor-widget-container\">\n\t\t\t\t\t\t\t\t\t<p>Gegen\u00fcber unserer Konkurrenz treten wir hervor mit einem Herstellungsangebot von allgemein hochgenauen, in kleinen bis mittelgrossen Serien gefertigten Teilen oder Baugruppen.<\/p>\t\t\t\t\t\t\t\t<\/div>\n\t\t\t\t<\/div>\n\t\t\t\t\t<\/div>\n\t\t<\/div>\n\t\t\t\t\t<\/div>\n\t\t<\/section>\n\t\t\t\t<section class=\"elementor-section elementor-top-section elementor-element elementor-element-cce0f64 elementor-section-boxed elementor-section-height-default elementor-section-height-default\" data-id=\"cce0f64\" data-element_type=\"section\" data-e-type=\"section\" data-settings=\"{&quot;jet_parallax_layout_list&quot;:[]}\">\n\t\t\t\t\t\t<div class=\"elementor-container elementor-column-gap-default\">\n\t\t\t\t\t<div class=\"elementor-column elementor-col-100 elementor-top-column elementor-element elementor-element-1346985\" data-id=\"1346985\" data-element_type=\"column\" data-e-type=\"column\">\n\t\t\t<div class=\"elementor-widget-wrap elementor-element-populated\">\n\t\t\t\t\t\t<div class=\"elementor-element elementor-element-1ed69fb elementor-widget elementor-widget-heading\" data-id=\"1ed69fb\" data-element_type=\"widget\" data-e-type=\"widget\" data-widget_type=\"heading.default\">\n\t\t\t\t<div class=\"elementor-widget-container\">\n\t\t\t\t\t<h2 class=\"elementor-heading-title elementor-size-default\">Unsere Dom\u00e4nen<\/h2>\t\t\t\t<\/div>\n\t\t\t\t<\/div>\n\t\t\t\t<section class=\"elementor-section elementor-inner-section elementor-element elementor-element-1055b91 elementor-section-boxed elementor-section-height-default elementor-section-height-default\" data-id=\"1055b91\" data-element_type=\"section\" data-e-type=\"section\" data-settings=\"{&quot;jet_parallax_layout_list&quot;:[]}\">\n\t\t\t\t\t\t<div class=\"elementor-container elementor-column-gap-default\">\n\t\t\t\t\t<div class=\"elementor-column elementor-col-33 elementor-inner-column elementor-element elementor-element-72f6a3e animated-fast elementor-invisible\" data-id=\"72f6a3e\" data-element_type=\"column\" data-e-type=\"column\" data-settings=\"{&quot;animation&quot;:&quot;fadeInLeft&quot;}\">\n\t\t\t<div class=\"elementor-widget-wrap elementor-element-populated\">\n\t\t\t\t\t\t<div class=\"elementor-element elementor-element-a6a824e elementor-widget elementor-widget-image\" data-id=\"a6a824e\" data-element_type=\"widget\" data-e-type=\"widget\" data-widget_type=\"image.default\">\n\t\t\t\t<div class=\"elementor-widget-container\">\n\t\t\t\t\t\t\t\t\t\t\t\t\t\t\t<img decoding=\"async\" width=\"1\" height=\"1\" src=\"https:\/\/tenax-sa.ch\/wp-content\/uploads\/2022\/09\/savoir-faire.svg\" class=\"attachment-large size-large wp-image-424\" alt=\"\" \/>\t\t\t\t\t\t\t\t\t\t\t\t\t\t\t<\/div>\n\t\t\t\t<\/div>\n\t\t\t\t<div class=\"elementor-element elementor-element-9048b3f elementor-widget elementor-widget-text-editor\" data-id=\"9048b3f\" data-element_type=\"widget\" data-e-type=\"widget\" data-widget_type=\"text-editor.default\">\n\t\t\t\t<div class=\"elementor-widget-container\">\n\t\t\t\t\t\t\t\t\t<p>Die Erbringung unserer Leistungen erfordert hohe Kompetenz, wobei unsere St\u00e4rke in der Erf\u00fcllung zweier wichtiger Voraussetzungen liegt: ein Team von lauter qualifizierten Michanikern und ein auf langj\u00e4hriger Erfahrung beruhendes Know-how.<\/p>\t\t\t\t\t\t\t\t<\/div>\n\t\t\t\t<\/div>\n\t\t\t\t\t<\/div>\n\t\t<\/div>\n\t\t\t\t<div class=\"elementor-column elementor-col-33 elementor-inner-column elementor-element elementor-element-7900c83 animated-fast elementor-invisible\" data-id=\"7900c83\" data-element_type=\"column\" data-e-type=\"column\" data-settings=\"{&quot;animation&quot;:&quot;fadeInUp&quot;}\">\n\t\t\t<div class=\"elementor-widget-wrap elementor-element-populated\">\n\t\t\t\t\t\t<div class=\"elementor-element elementor-element-782acaf elementor-widget elementor-widget-image\" data-id=\"782acaf\" data-element_type=\"widget\" data-e-type=\"widget\" data-widget_type=\"image.default\">\n\t\t\t\t<div class=\"elementor-widget-container\">\n\t\t\t\t\t\t\t\t\t\t\t\t\t\t\t<img decoding=\"async\" width=\"1\" height=\"1\" src=\"https:\/\/tenax-sa.ch\/wp-content\/uploads\/2022\/09\/domaines.svg\" class=\"attachment-large size-large wp-image-421\" alt=\"\" \/>\t\t\t\t\t\t\t\t\t\t\t\t\t\t\t<\/div>\n\t\t\t\t<\/div>\n\t\t\t\t<div class=\"elementor-element elementor-element-a154817 elementor-widget elementor-widget-text-editor\" data-id=\"a154817\" data-element_type=\"widget\" data-e-type=\"widget\" data-widget_type=\"text-editor.default\">\n\t\t\t\t<div class=\"elementor-widget-container\">\n\t\t\t\t\t\t\t\t\t<p>Tenax SA arbeitet laufend f\u00fcr Industriezweige wie Uhrmacherei, prozessrechnergest\u00fctzte Automatisierung, Forschung, Maschinen-, Mess-, Medizin- und Luftfahrttechnik, usw.<\/p>\t\t\t\t\t\t\t\t<\/div>\n\t\t\t\t<\/div>\n\t\t\t\t\t<\/div>\n\t\t<\/div>\n\t\t\t\t<div class=\"elementor-column elementor-col-33 elementor-inner-column elementor-element elementor-element-f41c8eb animated-fast elementor-invisible\" data-id=\"f41c8eb\" data-element_type=\"column\" data-e-type=\"column\" data-settings=\"{&quot;animation&quot;:&quot;fadeInRight&quot;}\">\n\t\t\t<div class=\"elementor-widget-wrap elementor-element-populated\">\n\t\t\t\t\t\t<div class=\"elementor-element elementor-element-bf1ae37 elementor-widget elementor-widget-image\" data-id=\"bf1ae37\" data-element_type=\"widget\" data-e-type=\"widget\" data-widget_type=\"image.default\">\n\t\t\t\t<div class=\"elementor-widget-container\">\n\t\t\t\t\t\t\t\t\t\t\t\t\t\t\t<img loading=\"lazy\" decoding=\"async\" width=\"1\" height=\"1\" src=\"https:\/\/tenax-sa.ch\/wp-content\/uploads\/2022\/09\/usinage.svg\" class=\"attachment-large size-large wp-image-427\" alt=\"\" \/>\t\t\t\t\t\t\t\t\t\t\t\t\t\t\t<\/div>\n\t\t\t\t<\/div>\n\t\t\t\t<div class=\"elementor-element elementor-element-a6aff4f elementor-widget elementor-widget-text-editor\" data-id=\"a6aff4f\" data-element_type=\"widget\" data-e-type=\"widget\" data-widget_type=\"text-editor.default\">\n\t\t\t\t<div class=\"elementor-widget-container\">\n\t\t\t\t\t\t\t\t\t<p>Neben der Bearbeitung von Werkzeugst\u00e4hlen beherrscht das Unternehmen auch hervorragend schwierig zu bearbeitende Wekrstoffe wie Nickel- und Titanlegierungen, nichtrostende St\u00e4hle f\u00fcr die Medizintechnik und die Flugzeugindustrie, sowie Hochleistungskunststoffe.<\/p>\t\t\t\t\t\t\t\t<\/div>\n\t\t\t\t<\/div>\n\t\t\t\t\t<\/div>\n\t\t<\/div>\n\t\t\t\t\t<\/div>\n\t\t<\/section>\n\t\t\t\t\t<\/div>\n\t\t<\/div>\n\t\t\t\t\t<\/div>\n\t\t<\/section>\n\t\t\t\t<section class=\"elementor-section elementor-top-section elementor-element elementor-element-76bd6e0 elementor-section-boxed elementor-section-height-default elementor-section-height-default\" data-id=\"76bd6e0\" data-element_type=\"section\" data-e-type=\"section\" data-settings=\"{&quot;jet_parallax_layout_list&quot;:[]}\">\n\t\t\t\t\t\t<div class=\"elementor-container elementor-column-gap-default\">\n\t\t\t\t\t<div class=\"elementor-column elementor-col-50 elementor-top-column elementor-element elementor-element-b80edf3\" data-id=\"b80edf3\" data-element_type=\"column\" data-e-type=\"column\">\n\t\t\t<div class=\"elementor-widget-wrap elementor-element-populated\">\n\t\t\t\t\t\t<div class=\"elementor-element elementor-element-a4066dd animated-fast elementor-invisible elementor-widget elementor-widget-text-editor\" data-id=\"a4066dd\" data-element_type=\"widget\" data-e-type=\"widget\" data-settings=\"{&quot;_animation&quot;:&quot;fadeInLeft&quot;}\" data-widget_type=\"text-editor.default\">\n\t\t\t\t<div class=\"elementor-widget-container\">\n\t\t\t\t\t\t\t\t\t<p>Hohe Pr\u00e4zision, Flexibilit\u00e4t und Qualit\u00e4t sind absolute Priorit\u00e4ten in unserem Unternehmen, das dauernd darum bem\u00fcht ist, seine Leistungen zu optimieren. <\/p>\n<p>Tenax SA passt sich daher den Anspr\u00fcchen der Kundschaft an und weist somit ebenfalls die Eigenschaften eines Dienstleistungsunternehmens auf. <\/p>\t\t\t\t\t\t\t\t<\/div>\n\t\t\t\t<\/div>\n\t\t\t\t\t<\/div>\n\t\t<\/div>\n\t\t\t\t<div class=\"elementor-column elementor-col-50 elementor-top-column elementor-element elementor-element-bba4b70\" data-id=\"bba4b70\" data-element_type=\"column\" data-e-type=\"column\">\n\t\t\t<div class=\"elementor-widget-wrap elementor-element-populated\">\n\t\t\t\t\t\t<div class=\"elementor-element elementor-element-d8634d3 animated-fast elementor-invisible elementor-widget elementor-widget-image\" data-id=\"d8634d3\" data-element_type=\"widget\" data-e-type=\"widget\" data-settings=\"{&quot;_animation&quot;:&quot;fadeIn&quot;}\" data-widget_type=\"image.default\">\n\t\t\t\t<div class=\"elementor-widget-container\">\n\t\t\t\t\t\t\t\t\t\t\t\t\t\t\t<img loading=\"lazy\" decoding=\"async\" width=\"800\" height=\"496\" src=\"https:\/\/tenax-sa.ch\/wp-content\/uploads\/2022\/09\/presentation-footer-1024x635.jpg\" class=\"attachment-large size-large wp-image-415\" alt=\"Tenax SA - Pr\u00e9sentation\" srcset=\"https:\/\/tenax-sa.ch\/wp-content\/uploads\/2022\/09\/presentation-footer-1024x635.jpg 1024w, https:\/\/tenax-sa.ch\/wp-content\/uploads\/2022\/09\/presentation-footer-300x186.jpg 300w, https:\/\/tenax-sa.ch\/wp-content\/uploads\/2022\/09\/presentation-footer-768x477.jpg 768w, https:\/\/tenax-sa.ch\/wp-content\/uploads\/2022\/09\/presentation-footer-1536x953.jpg 1536w, https:\/\/tenax-sa.ch\/wp-content\/uploads\/2022\/09\/presentation-footer.jpg 1800w\" sizes=\"(max-width: 800px) 100vw, 800px\" \/>\t\t\t\t\t\t\t\t\t\t\t\t\t\t\t<\/div>\n\t\t\t\t<\/div>\n\t\t\t\t\t<\/div>\n\t\t<\/div>\n\t\t\t\t\t<\/div>\n\t\t<\/section>\n\t\t\t\t<\/div>\n\t\t","protected":false},"excerpt":{"rendered":"<p>Kleine Abmessungen und hohe Pr\u00e4zision Wir sind spezialisiert auf die Herstellung von Kleinteilen in kleinen oder mittleren St\u00fcckzahlen. Unsere Spezialisierungen Tenax SA befasst sich mit der sorgf\u00e4ltigen Herstellung von Prototypen, Wekzeugen, Vorrichtungen und Kontrolleheren sowie der Ausf\u00fchrung heikler Bearbeitungen. Weiterhin \u00fcbernehmen wir Fr\u00e4s- und Dreharbeiten in kleinen bis mittelgrossen Serien. Mit den auf Werkstattebene durchgef\u00fchrten [&hellip;]<\/p>\n","protected":false},"author":1,"featured_media":0,"parent":0,"menu_order":0,"comment_status":"closed","ping_status":"closed","template":"elementor_header_footer","meta":{"footnotes":""},"class_list":["post-513","page","type-page","status-publish","hentry"],"yoast_head":"<!-- This site is optimized with the Yoast SEO plugin v27.5 - https:\/\/yoast.com\/product\/yoast-seo-wordpress\/ -->\n<title>Pr\u00e4sentation - Tenax SA<\/title>\n<meta name=\"robots\" content=\"index, follow, max-snippet:-1, max-image-preview:large, max-video-preview:-1\" \/>\n<link rel=\"canonical\" href=\"https:\/\/tenax-sa.ch\/de\/praesentation\/\" \/>\n<meta property=\"og:locale\" content=\"de_DE\" \/>\n<meta property=\"og:type\" content=\"article\" \/>\n<meta property=\"og:title\" content=\"Pr\u00e4sentation - Tenax SA\" \/>\n<meta property=\"og:description\" content=\"Kleine Abmessungen und hohe Pr\u00e4zision Wir sind spezialisiert auf die Herstellung von Kleinteilen in kleinen oder mittleren St\u00fcckzahlen. Unsere Spezialisierungen Tenax SA befasst sich mit der sorgf\u00e4ltigen Herstellung von Prototypen, Wekzeugen, Vorrichtungen und Kontrolleheren sowie der Ausf\u00fchrung heikler Bearbeitungen. Weiterhin \u00fcbernehmen wir Fr\u00e4s- und Dreharbeiten in kleinen bis mittelgrossen Serien. Mit den auf Werkstattebene durchgef\u00fchrten [&hellip;]\" \/>\n<meta property=\"og:url\" content=\"https:\/\/tenax-sa.ch\/de\/praesentation\/\" \/>\n<meta property=\"og:site_name\" content=\"Tenax SA\" \/>\n<meta property=\"article:modified_time\" content=\"2022-09-09T14:30:52+00:00\" \/>\n<meta property=\"og:image\" content=\"https:\/\/tenax-sa.ch\/wp-content\/uploads\/2022\/09\/presentation-1024x635.jpg\" \/>\n<meta name=\"twitter:card\" content=\"summary_large_image\" \/>\n<meta name=\"twitter:label1\" content=\"Gesch\u00e4tzte Lesezeit\" \/>\n\t<meta name=\"twitter:data1\" content=\"1\u00a0Minute\" \/>\n<script type=\"application\/ld+json\" class=\"yoast-schema-graph\">{\"@context\":\"https:\\\/\\\/schema.org\",\"@graph\":[{\"@type\":\"WebPage\",\"@id\":\"https:\\\/\\\/tenax-sa.ch\\\/de\\\/praesentation\\\/\",\"url\":\"https:\\\/\\\/tenax-sa.ch\\\/de\\\/praesentation\\\/\",\"name\":\"Pr\u00e4sentation - Tenax SA\",\"isPartOf\":{\"@id\":\"https:\\\/\\\/tenax-sa.ch\\\/de\\\/#website\"},\"primaryImageOfPage\":{\"@id\":\"https:\\\/\\\/tenax-sa.ch\\\/de\\\/praesentation\\\/#primaryimage\"},\"image\":{\"@id\":\"https:\\\/\\\/tenax-sa.ch\\\/de\\\/praesentation\\\/#primaryimage\"},\"thumbnailUrl\":\"https:\\\/\\\/tenax-sa.ch\\\/wp-content\\\/uploads\\\/2022\\\/09\\\/presentation-1024x635.jpg\",\"datePublished\":\"2022-07-07T12:32:38+00:00\",\"dateModified\":\"2022-09-09T14:30:52+00:00\",\"breadcrumb\":{\"@id\":\"https:\\\/\\\/tenax-sa.ch\\\/de\\\/praesentation\\\/#breadcrumb\"},\"inLanguage\":\"de\",\"potentialAction\":[{\"@type\":\"ReadAction\",\"target\":[\"https:\\\/\\\/tenax-sa.ch\\\/de\\\/praesentation\\\/\"]}]},{\"@type\":\"ImageObject\",\"inLanguage\":\"de\",\"@id\":\"https:\\\/\\\/tenax-sa.ch\\\/de\\\/praesentation\\\/#primaryimage\",\"url\":\"https:\\\/\\\/tenax-sa.ch\\\/wp-content\\\/uploads\\\/2022\\\/09\\\/presentation-1024x635.jpg\",\"contentUrl\":\"https:\\\/\\\/tenax-sa.ch\\\/wp-content\\\/uploads\\\/2022\\\/09\\\/presentation-1024x635.jpg\"},{\"@type\":\"BreadcrumbList\",\"@id\":\"https:\\\/\\\/tenax-sa.ch\\\/de\\\/praesentation\\\/#breadcrumb\",\"itemListElement\":[{\"@type\":\"ListItem\",\"position\":1,\"name\":\"Home\",\"item\":\"https:\\\/\\\/tenax-sa.ch\\\/de\\\/startseite\\\/\"},{\"@type\":\"ListItem\",\"position\":2,\"name\":\"Pr\u00e4sentation\"}]},{\"@type\":\"WebSite\",\"@id\":\"https:\\\/\\\/tenax-sa.ch\\\/de\\\/#website\",\"url\":\"https:\\\/\\\/tenax-sa.ch\\\/de\\\/\",\"name\":\"Tenax SA\",\"description\":\"Un partenaire de qualit\u00e9 au service de la pr\u00e9cision\",\"publisher\":{\"@id\":\"https:\\\/\\\/tenax-sa.ch\\\/de\\\/#organization\"},\"potentialAction\":[{\"@type\":\"SearchAction\",\"target\":{\"@type\":\"EntryPoint\",\"urlTemplate\":\"https:\\\/\\\/tenax-sa.ch\\\/de\\\/?s={search_term_string}\"},\"query-input\":{\"@type\":\"PropertyValueSpecification\",\"valueRequired\":true,\"valueName\":\"search_term_string\"}}],\"inLanguage\":\"de\"},{\"@type\":\"Organization\",\"@id\":\"https:\\\/\\\/tenax-sa.ch\\\/de\\\/#organization\",\"name\":\"Tenax SA\",\"url\":\"https:\\\/\\\/tenax-sa.ch\\\/de\\\/\",\"logo\":{\"@type\":\"ImageObject\",\"inLanguage\":\"de\",\"@id\":\"https:\\\/\\\/tenax-sa.ch\\\/de\\\/#\\\/schema\\\/logo\\\/image\\\/\",\"url\":\"https:\\\/\\\/q59cvatnzy.preview.infomaniak.website\\\/wp-content\\\/uploads\\\/2022\\\/07\\\/logo.png\",\"contentUrl\":\"https:\\\/\\\/q59cvatnzy.preview.infomaniak.website\\\/wp-content\\\/uploads\\\/2022\\\/07\\\/logo.png\",\"width\":256,\"height\":74,\"caption\":\"Tenax SA\"},\"image\":{\"@id\":\"https:\\\/\\\/tenax-sa.ch\\\/de\\\/#\\\/schema\\\/logo\\\/image\\\/\"}}]}<\/script>\n<!-- \/ Yoast SEO plugin. -->","yoast_head_json":{"title":"Pr\u00e4sentation - Tenax SA","robots":{"index":"index","follow":"follow","max-snippet":"max-snippet:-1","max-image-preview":"max-image-preview:large","max-video-preview":"max-video-preview:-1"},"canonical":"https:\/\/tenax-sa.ch\/de\/praesentation\/","og_locale":"de_DE","og_type":"article","og_title":"Pr\u00e4sentation - Tenax SA","og_description":"Kleine Abmessungen und hohe Pr\u00e4zision Wir sind spezialisiert auf die Herstellung von Kleinteilen in kleinen oder mittleren St\u00fcckzahlen. Unsere Spezialisierungen Tenax SA befasst sich mit der sorgf\u00e4ltigen Herstellung von Prototypen, Wekzeugen, Vorrichtungen und Kontrolleheren sowie der Ausf\u00fchrung heikler Bearbeitungen. Weiterhin \u00fcbernehmen wir Fr\u00e4s- und Dreharbeiten in kleinen bis mittelgrossen Serien. Mit den auf Werkstattebene durchgef\u00fchrten [&hellip;]","og_url":"https:\/\/tenax-sa.ch\/de\/praesentation\/","og_site_name":"Tenax SA","article_modified_time":"2022-09-09T14:30:52+00:00","og_image":[{"url":"https:\/\/tenax-sa.ch\/wp-content\/uploads\/2022\/09\/presentation-1024x635.jpg","type":"","width":"","height":""}],"twitter_card":"summary_large_image","twitter_misc":{"Gesch\u00e4tzte Lesezeit":"1\u00a0Minute"},"schema":{"@context":"https:\/\/schema.org","@graph":[{"@type":"WebPage","@id":"https:\/\/tenax-sa.ch\/de\/praesentation\/","url":"https:\/\/tenax-sa.ch\/de\/praesentation\/","name":"Pr\u00e4sentation - Tenax SA","isPartOf":{"@id":"https:\/\/tenax-sa.ch\/de\/#website"},"primaryImageOfPage":{"@id":"https:\/\/tenax-sa.ch\/de\/praesentation\/#primaryimage"},"image":{"@id":"https:\/\/tenax-sa.ch\/de\/praesentation\/#primaryimage"},"thumbnailUrl":"https:\/\/tenax-sa.ch\/wp-content\/uploads\/2022\/09\/presentation-1024x635.jpg","datePublished":"2022-07-07T12:32:38+00:00","dateModified":"2022-09-09T14:30:52+00:00","breadcrumb":{"@id":"https:\/\/tenax-sa.ch\/de\/praesentation\/#breadcrumb"},"inLanguage":"de","potentialAction":[{"@type":"ReadAction","target":["https:\/\/tenax-sa.ch\/de\/praesentation\/"]}]},{"@type":"ImageObject","inLanguage":"de","@id":"https:\/\/tenax-sa.ch\/de\/praesentation\/#primaryimage","url":"https:\/\/tenax-sa.ch\/wp-content\/uploads\/2022\/09\/presentation-1024x635.jpg","contentUrl":"https:\/\/tenax-sa.ch\/wp-content\/uploads\/2022\/09\/presentation-1024x635.jpg"},{"@type":"BreadcrumbList","@id":"https:\/\/tenax-sa.ch\/de\/praesentation\/#breadcrumb","itemListElement":[{"@type":"ListItem","position":1,"name":"Home","item":"https:\/\/tenax-sa.ch\/de\/startseite\/"},{"@type":"ListItem","position":2,"name":"Pr\u00e4sentation"}]},{"@type":"WebSite","@id":"https:\/\/tenax-sa.ch\/de\/#website","url":"https:\/\/tenax-sa.ch\/de\/","name":"Tenax SA","description":"Un partenaire de qualit\u00e9 au service de la pr\u00e9cision","publisher":{"@id":"https:\/\/tenax-sa.ch\/de\/#organization"},"potentialAction":[{"@type":"SearchAction","target":{"@type":"EntryPoint","urlTemplate":"https:\/\/tenax-sa.ch\/de\/?s={search_term_string}"},"query-input":{"@type":"PropertyValueSpecification","valueRequired":true,"valueName":"search_term_string"}}],"inLanguage":"de"},{"@type":"Organization","@id":"https:\/\/tenax-sa.ch\/de\/#organization","name":"Tenax SA","url":"https:\/\/tenax-sa.ch\/de\/","logo":{"@type":"ImageObject","inLanguage":"de","@id":"https:\/\/tenax-sa.ch\/de\/#\/schema\/logo\/image\/","url":"https:\/\/q59cvatnzy.preview.infomaniak.website\/wp-content\/uploads\/2022\/07\/logo.png","contentUrl":"https:\/\/q59cvatnzy.preview.infomaniak.website\/wp-content\/uploads\/2022\/07\/logo.png","width":256,"height":74,"caption":"Tenax SA"},"image":{"@id":"https:\/\/tenax-sa.ch\/de\/#\/schema\/logo\/image\/"}}]}},"_links":{"self":[{"href":"https:\/\/tenax-sa.ch\/de\/wp-json\/wp\/v2\/pages\/513","targetHints":{"allow":["GET"]}}],"collection":[{"href":"https:\/\/tenax-sa.ch\/de\/wp-json\/wp\/v2\/pages"}],"about":[{"href":"https:\/\/tenax-sa.ch\/de\/wp-json\/wp\/v2\/types\/page"}],"author":[{"embeddable":true,"href":"https:\/\/tenax-sa.ch\/de\/wp-json\/wp\/v2\/users\/1"}],"replies":[{"embeddable":true,"href":"https:\/\/tenax-sa.ch\/de\/wp-json\/wp\/v2\/comments?post=513"}],"version-history":[{"count":3,"href":"https:\/\/tenax-sa.ch\/de\/wp-json\/wp\/v2\/pages\/513\/revisions"}],"predecessor-version":[{"id":537,"href":"https:\/\/tenax-sa.ch\/de\/wp-json\/wp\/v2\/pages\/513\/revisions\/537"}],"wp:attachment":[{"href":"https:\/\/tenax-sa.ch\/de\/wp-json\/wp\/v2\/media?parent=513"}],"curies":[{"name":"wp","href":"https:\/\/api.w.org\/{rel}","templated":true}]}}